{"id":608,"date":"2023-06-08T19:25:18","date_gmt":"2023-06-08T19:25:18","guid":{"rendered":"https:\/\/innovacionmisionerista.org\/?page_id=608"},"modified":"2026-05-01T18:00:13","modified_gmt":"2026-05-01T18:00:13","slug":"608-2","status":"publish","type":"page","link":"https:\/\/innovacionmisionerista.org\/","title":{"rendered":"inicio"},"content":{"rendered":"<p>[et_pb_section fb_built=\u00bb1&#8243; custom_padding_last_edited=\u00bbon|phone\u00bb admin_label=\u00bbHeader\u00bb _builder_version=\u00bb4.21.0&#8243; _module_preset=\u00bbdefault\u00bb background_color=\u00bbgcid-1bcf785a-50e1-437b-b09f-65567babc1de\u00bb use_background_color_gradient=\u00bbon\u00bb background_color_gradient_type=\u00bbelliptical\u00bb background_color_gradient_direction_radial=\u00bbright\u00bb background_color_gradient_stops=\u00bbrgba(121,58,255,0.65) 0%|rgba(255,255,255,0) 72%\u00bb background_image=\u00bbhttp:\/\/innovacionmisionerista.org\/wp-content\/uploads\/2023\/06\/grid-bg-1.png\u00bb background_size=\u00bbinitial\u00bb background_position=\u00bbtop_center\u00bb background_repeat=\u00bbrepeat\u00bb overflow-x=\u00bbhidden\u00bb overflow-y=\u00bbhidden\u00bb custom_padding=\u00bb110px||||false|false\u00bb custom_padding_tablet=\u00bb40px||||false|false\u00bb custom_padding_phone=\u00bb40px||||false|false\u00bb collapsed=\u00bboff\u00bb global_colors_info=\u00bb{%22gcid-1bcf785a-50e1-437b-b09f-65567babc1de%22:%91%22background_color%22,%22background_color_gradient_stops%22%93}\u00bb][et_pb_row column_structure=\u00bb2_3,1_3&#8243; _builder_version=\u00bb4.21.0&#8243; _module_preset=\u00bbdefault\u00bb custom_margin=\u00bb|auto|-290px|auto||\u00bb global_colors_info=\u00bb{}\u00bb][et_pb_column type=\u00bb2_3&#8243; _builder_version=\u00bb4.19.5&#8243; _module_preset=\u00bbdefault\u00bb z_index=\u00bb10&#8243; global_colors_info=\u00bb{}\u00bb][et_pb_text _builder_version=\u00bb4.21.0&#8243; _module_preset=\u00bb92eff2f3-2d74-4359-80b6-58070be6d222&#8243; header_font_size=\u00bb94px\u00bb custom_margin=\u00bb||10px||false|false\u00bb locked=\u00bboff\u00bb global_colors_info=\u00bb{}\u00bb]<\/p>\n<h3><\/h3>\n<p>[\/et_pb_text][et_pb_text _builder_version=\u00bb4.21.0&#8243; _module_preset=\u00bb0ca3baa5-0b83-44e1-b031-6da670162cb8&#8243; custom_padding=\u00bb0px|||||\u00bb locked=\u00bboff\u00bb global_colors_info=\u00bb{}\u00bb]<\/p>\n<h2><span style=\"color: #333333;\"><strong>FUNDACI\u00d3N\u00a0<\/strong><\/span><span style=\"color: #333333;\"><strong>DE\u00a0<\/strong><\/span><span style=\"color: #333333;\"><strong> INNOVACI\u00d3N<\/strong><\/span><\/h2>\n<p><span style=\"color: #333333;\"><strong>P.J. 4820<\/strong><\/span><\/p>\n<p>[\/et_pb_text][et_pb_image src=\u00bbhttp:\/\/innovacionmisionerista.org\/wp-content\/uploads\/2023\/06\/Innovacion_Misionerista_-_Perfil_-_Alternativo_2x-sin-fondo.png\u00bb title_text=\u00bbInnovacion_Misionerista_-_Perfil_-_Alternativo_2x-sin fondo\u00bb _builder_version=\u00bb4.21.0&#8243; _module_preset=\u00bbdefault\u00bb global_colors_info=\u00bb{}\u00bb][\/et_pb_image][et_pb_text _builder_version=\u00bb4.21.0&#8243; _module_preset=\u00bbdc7315b6-c58d-4feb-9e60-3f7032fa5438&#8243; text_font=\u00bb|600|||||||\u00bb text_text_color=\u00bb#000000&#8243; header_font=\u00bb|600|||||||\u00bb max_width=\u00bb500px\u00bb custom_padding=\u00bb|1px||||\u00bb global_colors_info=\u00bb{}\u00bb]<\/p>\n<p><span>Juntos transformamos ideas en realidades: impulsando la innovaci\u00f3n, el bienestar social y el desarrollo sostenible para un futuro pr\u00f3spero. Bienvenidos a nuestra Fundaci\u00f3n, donde trabajamos para formar integralmente al ser humano, resolver problemas sociales, fomentar la educaci\u00f3n, promover el crecimiento econ\u00f3mico y preservar el medio ambiente<\/span><\/p>\n<p>[\/et_pb_text][\/et_pb_column][et_pb_column type=\u00bb1_3&#8243; _builder_version=\u00bb4.19.2&#8243; _module_preset=\u00bbdefault\u00bb global_colors_info=\u00bb{}\u00bb][et_pb_image src=\u00bbhttp:\/\/innovacionmisionerista.org\/wp-content\/uploads\/2023\/06\/brain-1.png\u00bb title_text=\u00bbbrain\u00bb _builder_version=\u00bb4.21.0&#8243; _module_preset=\u00bbdefault\u00bb custom_margin=\u00bb-60%|-110%||-80%|false|false\u00bb custom_margin_tablet=\u00bb0%|0%||0%|false|false\u00bb custom_margin_phone=\u00bb0%|0%||0%|false|false\u00bb custom_margin_last_edited=\u00bbon|tablet\u00bb custom_padding=\u00bb||0px|169px||\u00bb scroll_vertical_motion=\u00bb0|50|50|100|-1|0|1&#8243; scroll_scaling=\u00bb0|50|50|100|100%|100|70%\u00bb global_colors_info=\u00bb{}\u00bb][\/et_pb_image][\/et_pb_column][\/et_pb_row][\/et_pb_section][et_pb_section fb_built=\u00bb1&#8243; admin_label=\u00bbFeatures\u00bb _builder_version=\u00bb4.19.5&#8243; _module_preset=\u00bbdefault\u00bb background_color=\u00bbgcid-1bcf785a-50e1-437b-b09f-65567babc1de\u00bb use_background_color_gradient=\u00bbon\u00bb background_color_gradient_stops=\u00bbrgba(255,255,255,0) 70%|#0f0122 100%\u00bb background_color_gradient_overlays_image=\u00bbon\u00bb background_image=\u00bbhttp:\/\/innovacionmisionerista.org\/wp-content\/uploads\/2023\/06\/eye-bg-1.png\u00bb background_size=\u00bbinitial\u00bb background_position=\u00bbtop_center\u00bb collapsed=\u00bbon\u00bb global_colors_info=\u00bb{%22gcid-1bcf785a-50e1-437b-b09f-65567babc1de%22:%91%22background_color%22%93}\u00bb][et_pb_row column_structure=\u00bb1_3,2_3&#8243; _builder_version=\u00bb4.19.2&#8243; _module_preset=\u00bbdefault\u00bb global_colors_info=\u00bb{}\u00bb][et_pb_column type=\u00bb1_3&#8243; _builder_version=\u00bb4.19.2&#8243; _module_preset=\u00bbdefault\u00bb global_colors_info=\u00bb{}\u00bb][\/et_pb_column][et_pb_column type=\u00bb2_3&#8243; _builder_version=\u00bb4.19.2&#8243; _module_preset=\u00bbdefault\u00bb global_colors_info=\u00bb{}\u00bb][et_pb_text _builder_version=\u00bb4.19.2&#8243; _module_preset=\u00bbdcf02db9-07d6-4960-95ee-0da322f050b5&#8243; custom_margin=\u00bb||10px||false|false\u00bb global_colors_info=\u00bb{}\u00bb]<\/p>\n<h2><span>Transformando ideas en impacto: Innovaci\u00f3n, Apoyo Social, Educaci\u00f3n y Sostenibilidad<\/span><\/h2>\n<p>[\/et_pb_text][et_pb_text _builder_version=\u00bb4.19.2&#8243; _module_preset=\u00bbdc7315b6-c58d-4feb-9e60-3f7032fa5438&#8243; custom_padding=\u00bb||0px|||\u00bb global_colors_info=\u00bb{}\u00bb][\/et_pb_text][\/et_pb_column][\/et_pb_row][et_pb_row column_structure=\u00bb1_3,1_3,1_3&#8243; _builder_version=\u00bb4.19.2&#8243; _module_preset=\u00bbdefault\u00bb global_colors_info=\u00bb{}\u00bb][et_pb_column type=\u00bb1_3&#8243; _builder_version=\u00bb4.19.2&#8243; _module_preset=\u00bbdefault\u00bb global_colors_info=\u00bb{}\u00bb][\/et_pb_column][et_pb_column type=\u00bb1_3&#8243; _builder_version=\u00bb4.19.2&#8243; _module_preset=\u00bbdefault\u00bb custom_padding_tablet=\u00bb||30px||false|false\u00bb custom_padding_phone=\u00bb||30px||false|false\u00bb custom_padding_last_edited=\u00bbon|desktop\u00bb global_colors_info=\u00bb{}\u00bb][et_pb_image src=\u00bbhttp:\/\/innovacionmisionerista.org\/wp-content\/uploads\/2023\/06\/ai-icon-06.png\u00bb title_text=\u00bbai-icon-06&#8243; _builder_version=\u00bb4.19.2&#8243; _module_preset=\u00bbdefault\u00bb global_colors_info=\u00bb{}\u00bb][\/et_pb_image][et_pb_text _builder_version=\u00bb4.21.0&#8243; _module_preset=\u00bb0b59ece0-5d2b-4604-a862-f817c40312fe\u00bb custom_margin=\u00bb||0px||false|false\u00bb global_colors_info=\u00bb{}\u00bb]<\/p>\n<h3>I+D<\/h3>\n<p>[\/et_pb_text][et_pb_text _builder_version=\u00bb4.19.2&#8243; _module_preset=\u00bbdc7315b6-c58d-4feb-9e60-3f7032fa5438&#8243; global_colors_info=\u00bb{}\u00bb]<\/p>\n<p><span>Nuestra fundaci\u00f3n de innovaci\u00f3n se compromete a ser un referente en investigaci\u00f3n y desarrollo (I+D). A trav\u00e9s de nuestro enfoque vanguardista, impulsamos la creaci\u00f3n de soluciones disruptivas que aborden los desaf\u00edos actuales y futuros. Trabajamos incansablemente para generar conocimiento, promover la colaboraci\u00f3n entre expertos y transformar ideas en avances tangibles que impulsen el progreso y mejoren la calidad de vida de las personas<\/span><\/p>\n<p>[\/et_pb_text][\/et_pb_column][et_pb_column type=\u00bb1_3&#8243; _builder_version=\u00bb4.19.2&#8243; _module_preset=\u00bbdefault\u00bb global_colors_info=\u00bb{}\u00bb][et_pb_image src=\u00bbhttp:\/\/innovacionmisionerista.org\/wp-content\/uploads\/2023\/06\/ai-icon-05.png\u00bb title_text=\u00bbai-icon-05&#8243; _builder_version=\u00bb4.19.2&#8243; _module_preset=\u00bbdefault\u00bb global_colors_info=\u00bb{}\u00bb][\/et_pb_image][et_pb_text _builder_version=\u00bb4.19.2&#8243; _module_preset=\u00bb0b59ece0-5d2b-4604-a862-f817c40312fe\u00bb custom_margin=\u00bb||0px||false|false\u00bb global_colors_info=\u00bb{}\u00bb]<\/p>\n<h3>Industria 4.0<\/h3>\n<p>[\/et_pb_text][et_pb_text _builder_version=\u00bb4.19.2&#8243; _module_preset=\u00bbdc7315b6-c58d-4feb-9e60-3f7032fa5438&#8243; global_colors_info=\u00bb{}\u00bb]<\/p>\n<p><span>Abrazamos el esp\u00edritu de la Industria 4.0, liderando el camino hacia la transformaci\u00f3n digital y la innovaci\u00f3n tecnol\u00f3gica. Nos enfocamos en la convergencia de tecnolog\u00edas avanzadas como la inteligencia artificial, el Internet de las cosas, la rob\u00f3tica y la anal\u00edtica de datos para revolucionar los procesos industriales. A trav\u00e9s de iniciativas pioneras, capacitaci\u00f3n especializada y colaboraci\u00f3n con empresas, estamos impulsando la adopci\u00f3n de la Industria 4.0 para aumentar la eficiencia, la productividad y la competitividad, generando un impacto positivo en la econom\u00eda y el desarrollo sostenible<\/span><\/p>\n<p>[\/et_pb_text][\/et_pb_column][\/et_pb_row][et_pb_row column_structure=\u00bb1_3,1_3,1_3&#8243; _builder_version=\u00bb4.19.2&#8243; _module_preset=\u00bbdefault\u00bb global_colors_info=\u00bb{}\u00bb][et_pb_column type=\u00bb1_3&#8243; _builder_version=\u00bb4.19.2&#8243; _module_preset=\u00bbdefault\u00bb global_colors_info=\u00bb{}\u00bb][\/et_pb_column][et_pb_column type=\u00bb1_3&#8243; _builder_version=\u00bb4.19.2&#8243; _module_preset=\u00bbdefault\u00bb custom_padding_tablet=\u00bb||30px||false|false\u00bb custom_padding_phone=\u00bb||30px||false|false\u00bb custom_padding_last_edited=\u00bbon|tablet\u00bb global_colors_info=\u00bb{}\u00bb][et_pb_image src=\u00bbhttp:\/\/innovacionmisionerista.org\/wp-content\/uploads\/2023\/06\/ai-icon-04.png\u00bb title_text=\u00bbai-icon-04&#8243; _builder_version=\u00bb4.19.2&#8243; _module_preset=\u00bbdefault\u00bb global_colors_info=\u00bb{}\u00bb][\/et_pb_image][et_pb_text _builder_version=\u00bb4.19.2&#8243; _module_preset=\u00bb0b59ece0-5d2b-4604-a862-f817c40312fe\u00bb custom_margin=\u00bb||0px||false|false\u00bb global_colors_info=\u00bb{}\u00bb]<\/p>\n<h3>IOT<\/h3>\n<p>[\/et_pb_text][et_pb_text _builder_version=\u00bb4.19.2&#8243; _module_preset=\u00bbdc7315b6-c58d-4feb-9e60-3f7032fa5438&#8243; custom_padding=\u00bb||0px|||\u00bb global_colors_info=\u00bb{}\u00bb]<\/p>\n<p><span>Uniendo tecnolog\u00eda y convergencia: Abrazando el potencial del Internet de las Cosas (IoT) para impulsar la innovaci\u00f3n, la eficiencia y la transformaci\u00f3n en m\u00faltiples sectores. Descubre c\u00f3mo estamos aprovechando las interconexiones inteligentes para mejorar la calidad de vida, optimizar procesos y construir un futuro conectado y sustentable.<\/span><\/p>\n<p>[\/et_pb_text][\/et_pb_column][et_pb_column type=\u00bb1_3&#8243; _builder_version=\u00bb4.19.2&#8243; _module_preset=\u00bbdefault\u00bb global_colors_info=\u00bb{}\u00bb][et_pb_image src=\u00bbhttp:\/\/innovacionmisionerista.org\/wp-content\/uploads\/2023\/06\/ai-icon-03.png\u00bb title_text=\u00bbai-icon-03&#8243; _builder_version=\u00bb4.21.0&#8243; _module_preset=\u00bbdefault\u00bb global_colors_info=\u00bb{}\u00bb][\/et_pb_image][et_pb_text _builder_version=\u00bb4.21.0&#8243; _module_preset=\u00bb0b59ece0-5d2b-4604-a862-f817c40312fe\u00bb custom_margin=\u00bb||0px||false|false\u00bb global_colors_info=\u00bb{}\u00bb]<\/p>\n<h3>Desarrollo de software<\/h3>\n<p>[\/et_pb_text][et_pb_text _builder_version=\u00bb4.19.2&#8243; _module_preset=\u00bbdc7315b6-c58d-4feb-9e60-3f7032fa5438&#8243; custom_padding=\u00bb||0px|||\u00bb global_colors_info=\u00bb{}\u00bb]<\/p>\n<p><span>Construyendo soluciones a medida: Enfocados en el desarrollo de software para impulsar la innovaci\u00f3n y la eficiencia en diversos sectores. Descubre c\u00f3mo nuestro enfoque centrado en el usuario y nuestra experiencia en programaci\u00f3n nos permiten crear aplicaciones y sistemas personalizados que optimizan procesos, mejoran la productividad y potencian el crecimiento empresarial. \u00danete a nosotros en el viaje hacia la transformaci\u00f3n digital y descubre nuevas posibilidades para tu organizaci\u00f3n<\/span><\/p>\n<p>[\/et_pb_text][\/et_pb_column][\/et_pb_row][\/et_pb_section][et_pb_section fb_built=\u00bb1&#8243; _builder_version=\u00bb4.21.0&#8243; _module_preset=\u00bbdefault\u00bb background_color=\u00bbgcid-1bcf785a-50e1-437b-b09f-65567babc1de\u00bb use_background_color_gradient=\u00bbon\u00bb background_color_gradient_stops=\u00bbrgba(255,255,255,0) 70%|#0f0122 100%\u00bb background_color_gradient_overlays_image=\u00bbon\u00bb background_image=\u00bbhttp:\/\/innovacionmisionerista.org\/wp-content\/uploads\/2023\/06\/eye-bg-1.png\u00bb background_size=\u00bbinitial\u00bb background_position=\u00bbtop_center\u00bb global_colors_info=\u00bb{%22gcid-1bcf785a-50e1-437b-b09f-65567babc1de%22:%91%22background_color%22%93}\u00bb][et_pb_row _builder_version=\u00bb4.21.0&#8243; _module_preset=\u00bbdefault\u00bb global_colors_info=\u00bb{}\u00bb][et_pb_column type=\u00bb4_4&#8243; _builder_version=\u00bb4.21.0&#8243; _module_preset=\u00bbdefault\u00bb global_colors_info=\u00bb{}\u00bb][et_pb_text _builder_version=\u00bb4.21.0&#8243; _module_preset=\u00bbdcf02db9-07d6-4960-95ee-0da322f050b5&#8243; custom_margin=\u00bb||10px||false|false\u00bb locked=\u00bboff\u00bb global_colors_info=\u00bb{}\u00bb]<\/p>\n<h2><span>Quienes Somos<\/span><\/h2>\n<p>[\/et_pb_text][\/et_pb_column][\/et_pb_row][et_pb_row column_structure=\u00bb1_4,1_4,1_4,1_4&#8243; _builder_version=\u00bb4.21.0&#8243; _module_preset=\u00bbdefault\u00bb global_colors_info=\u00bb{}\u00bb][et_pb_column type=\u00bb1_4&#8243; _builder_version=\u00bb4.21.0&#8243; _module_preset=\u00bbdefault\u00bb global_colors_info=\u00bb{}\u00bb][et_pb_team_member name=\u00bbClaudio Lionel Beron\u00bb position=\u00bbPresidente\u00bb image_url=\u00bbhttp:\/\/innovacionmisionerista.org\/wp-content\/uploads\/2023\/06\/WhatsApp-Image-2023-06-08-at-18.24.12.jpeg\u00bb _builder_version=\u00bb4.21.0&#8243; _module_preset=\u00bbdefault\u00bb position_font=\u00bb|700|||||||\u00bb position_text_color=\u00bb#FFFFFF\u00bb global_colors_info=\u00bb{}\u00bb]<\/p>\n<p><span style=\"color: #ffffff;\">Licenciado en Sistemas de <span>informaci\u00f3n.<\/span><\/span><\/p>\n<p><span style=\"color: #ffffff;\">Graduado en la Universidad del Salvador<span><\/span><\/span><\/p>\n<p><span style=\"color: #ffffff;\"><span><\/span><\/span><\/p>\n<p>[\/et_pb_team_member][\/et_pb_column][et_pb_column type=\u00bb1_4&#8243; _builder_version=\u00bb4.21.0&#8243; _module_preset=\u00bbdefault\u00bb global_colors_info=\u00bb{}\u00bb][et_pb_team_member name=\u00bbDiana Marcela Mascarino\u00bb position=\u00bbVice Presidente\u00bb image_url=\u00bbhttp:\/\/innovacionmisionerista.org\/wp-content\/uploads\/2023\/06\/WhatsApp-Image-2023-06-08-at-18.24.12-1-e1686259597805.jpeg\u00bb _builder_version=\u00bb4.21.0&#8243; _module_preset=\u00bbdefault\u00bb position_font=\u00bb|700|||||||\u00bb position_text_color=\u00bb#FFFFFF\u00bb global_colors_info=\u00bb{}\u00bb]<\/p>\n<p><span style=\"color: #ffffff;\">Licenciado en Psicologia<\/span><\/p>\n<p><span style=\"color: #ffffff;\"><\/span><\/p>\n<p><span style=\"color: #ffffff;\"><\/span><\/p>\n<p><span style=\"color: #ffffff;\">Graduado en la Universidad del Salvador<\/span><\/p>\n<p>[\/et_pb_team_member][\/et_pb_column][et_pb_column type=\u00bb1_4&#8243; _builder_version=\u00bb4.21.0&#8243; _module_preset=\u00bbdefault\u00bb global_colors_info=\u00bb{}\u00bb][et_pb_team_member name=\u00bbDaniel Isauro Lopez\u00bb position=\u00bbSecretario\u00bb image_url=\u00bbhttp:\/\/innovacionmisionerista.org\/wp-content\/uploads\/2023\/06\/WhatsApp-Image-2023-06-08-at-18.11.43.jpeg\u00bb _builder_version=\u00bb4.21.0&#8243; _module_preset=\u00bbdefault\u00bb position_font=\u00bb|700|||||||\u00bb position_text_color=\u00bb#FFFFFF\u00bb global_colors_info=\u00bb{}\u00bb]<\/p>\n<p><span style=\"color: #ffffff;\">Profesor de Matematicas<\/span><\/p>\n<p><span style=\"color: #ffffff;\">Magister en Educacion<\/span><\/p>\n<p><span style=\"color: #ffffff;\">Graduado en Instituto Superior Antonio Ruiz de Montoya<\/span><\/p>\n<p>&nbsp;<\/p>\n<p>[\/et_pb_team_member][\/et_pb_column][et_pb_column type=\u00bb1_4&#8243; _builder_version=\u00bb4.21.0&#8243; _module_preset=\u00bbdefault\u00bb global_colors_info=\u00bb{}\u00bb][et_pb_team_member name=\u00bbGabriela Noemi Velazquez\u00bb position=\u00bbTesorera\u00bb image_url=\u00bbhttp:\/\/innovacionmisionerista.org\/wp-content\/uploads\/2023\/06\/gabriela.jpeg\u00bb _builder_version=\u00bb4.21.0&#8243; _module_preset=\u00bbdefault\u00bb body_font=\u00bb|700|||||||\u00bb body_text_color=\u00bb#FFFFFF\u00bb position_font=\u00bb|700|||||||\u00bb position_text_color=\u00bb#FFFFFF\u00bb global_colors_info=\u00bb{}\u00bb]<\/p>\n<p><span style=\"color: #ffffff;\">Ciencias Politicas<\/span><\/p>\n<p><span style=\"color: #ffffff;\">Relaciones Interinstitucionales<\/span><\/p>\n<p>[\/et_pb_team_member][\/et_pb_column][\/et_pb_row][\/et_pb_section][et_pb_section fb_built=\u00bb1&#8243; admin_label=\u00bbCall to Action\u00bb _builder_version=\u00bb4.21.0&#8243; _module_preset=\u00bbdefault\u00bb background_color=\u00bbgcid-1bcf785a-50e1-437b-b09f-65567babc1de\u00bb use_background_color_gradient=\u00bbon\u00bb background_color_gradient_stops=\u00bbgcid-1bcf785a-50e1-437b-b09f-65567babc1de 0%|rgba(255,255,255,0) 20%|rgba(255,255,255,0) 80%|gcid-1bcf785a-50e1-437b-b09f-65567babc1de 100%\u00bb background_color_gradient_overlays_image=\u00bbon\u00bb background_image=\u00bbhttp:\/\/innovacionmisionerista.org\/wp-content\/uploads\/2023\/06\/eye.png\u00bb background_size=\u00bbcontain\u00bb min_height=\u00bb599.5px\u00bb custom_padding=\u00bb16vw||16vw||true|false\u00bb collapsed=\u00bbon\u00bb global_colors_info=\u00bb{%22gcid-1bcf785a-50e1-437b-b09f-65567babc1de%22:%91%22background_color%22,%22background_color_gradient_stops%22%93}\u00bb][et_pb_row column_structure=\u00bb1_3,1_3,1_3&#8243; _builder_version=\u00bb4.21.0&#8243; _module_preset=\u00bbdefault\u00bb width=\u00bb87.9%\u00bb custom_padding=\u00bb0px|||||\u00bb global_colors_info=\u00bb{}\u00bb][et_pb_column type=\u00bb1_3&#8243; _builder_version=\u00bb4.21.0&#8243; _module_preset=\u00bbdefault\u00bb global_colors_info=\u00bb{}\u00bb][et_pb_text _builder_version=\u00bb4.21.0&#8243; _module_preset=\u00bbdefault\u00bb text_font=\u00bb|700|||||||\u00bb text_text_color=\u00bb#FFFFFF\u00bb header_3_text_color=\u00bb#8300E9&#8243; global_colors_info=\u00bb{}\u00bb]<\/p>\n<div id=\"block-multiblock-1\" class=\"block block-multiblock odd first grid16-6\">\n<div class=\"inner clearfix\">\n<div class=\"content clearfix\">\n<h3><img loading=\"lazy\" decoding=\"async\" src=\"http:\/\/innovacionmisionerista.org\/wp-content\/uploads\/2023\/06\/Innovacion_Misionerista_-_Perfil_-_Alternativo_2x-sin-fondo-300x300.png\" width=\"151\" height=\"151\" alt=\"\" class=\"wp-image-647 alignnone size-medium\" \/><\/h3>\n<h3>Fundaci\u00f3n Innovaci\u00f3n Misionerista<\/h3>\n<div><span style=\"font-size: 14px;\">Posadas (3300) Misiones &#8211; Argentina<\/span><\/div>\n<div>contacto: (+54) 3764 242240<\/div>\n<div class=\"qpEBEc\">\n<div class=\"q6rarf\">\n<div class=\"Wdz6e\">innovacionmisionerista@gmail.com<\/div>\n<\/div>\n<\/div>\n<\/div>\n<\/div>\n<\/div>\n<p>[\/et_pb_text][\/et_pb_column][et_pb_column type=\u00bb1_3&#8243; _builder_version=\u00bb4.21.0&#8243; _module_preset=\u00bbdefault\u00bb global_colors_info=\u00bb{}\u00bb][\/et_pb_column][et_pb_column type=\u00bb1_3&#8243; _builder_version=\u00bb4.21.0&#8243; _module_preset=\u00bbdefault\u00bb global_colors_info=\u00bb{}\u00bb][\/et_pb_column][\/et_pb_row][\/et_pb_section]<\/p>\n","protected":false},"excerpt":{"rendered":"<p>FUNDACI\u00d3N\u00a0DE\u00a0 INNOVACI\u00d3N P.J. 4820Juntos transformamos ideas en realidades: impulsando la innovaci\u00f3n, el bienestar social y el desarrollo sostenible para un futuro pr\u00f3spero. Bienvenidos a nuestra Fundaci\u00f3n, donde trabajamos para formar integralmente al ser humano, resolver problemas sociales, fomentar la educaci\u00f3n, promover el crecimiento econ\u00f3mico y preservar el medio ambienteTransformando ideas en impacto: Innovaci\u00f3n, Apoyo Social, [&hellip;]<\/p>\n","protected":false},"author":1,"featured_media":0,"parent":0,"menu_order":0,"comment_status":"closed","ping_status":"closed","template":"","meta":{"_et_pb_use_builder":"on","_et_pb_old_content":"","_et_gb_content_width":"","footnotes":""},"class_list":["post-608","page","type-page","status-publish","hentry"],"_links":{"self":[{"href":"https:\/\/innovacionmisionerista.org\/index.php?rest_route=\/wp\/v2\/pages\/608","targetHints":{"allow":["GET"]}}],"collection":[{"href":"https:\/\/innovacionmisionerista.org\/index.php?rest_route=\/wp\/v2\/pages"}],"about":[{"href":"https:\/\/innovacionmisionerista.org\/index.php?rest_route=\/wp\/v2\/types\/page"}],"author":[{"embeddable":true,"href":"https:\/\/innovacionmisionerista.org\/index.php?rest_route=\/wp\/v2\/users\/1"}],"replies":[{"embeddable":true,"href":"https:\/\/innovacionmisionerista.org\/index.php?rest_route=%2Fwp%2Fv2%2Fcomments&post=608"}],"version-history":[{"count":21,"href":"https:\/\/innovacionmisionerista.org\/index.php?rest_route=\/wp\/v2\/pages\/608\/revisions"}],"predecessor-version":[{"id":703,"href":"https:\/\/innovacionmisionerista.org\/index.php?rest_route=\/wp\/v2\/pages\/608\/revisions\/703"}],"wp:attachment":[{"href":"https:\/\/innovacionmisionerista.org\/index.php?rest_route=%2Fwp%2Fv2%2Fmedia&parent=608"}],"curies":[{"name":"wp","href":"https:\/\/api.w.org\/{rel}","templated":true}]}}